{"id":93,"date":"2020-10-12T17:32:43","date_gmt":"2020-10-12T17:32:43","guid":{"rendered":"https:\/\/cvjm-bornich.de\/?page_id=93"},"modified":"2020-10-12T17:32:59","modified_gmt":"2020-10-12T17:32:59","slug":"abgedreht-2","status":"publish","type":"page","link":"https:\/\/cvjm-bornich.de\/?page_id=93","title":{"rendered":"Abgedreht"},"content":{"rendered":"\n<p>Am Samstag, den 11.01.2020 trafen sich 20 angehende Filmstars, um gemeinsam die Filmwelt zu erkunden. In der Andacht drehte sich alles um einen Film von unserem Leben, bei dem jeder aus dem Kino rennt und niemand mit uns den Film von unserem Leben sehen m\u00f6chte, au\u00dfer einem &#8211; unserem Freund Jesus.<\/p>\n\n\n\n<p>Die Teilnehmenden mussten sich zun\u00e4chst in Filmstudios zusammenfinden, in denen sie den Tag verbrachten. In einem Filmquiz \u00fcber Filmausschnitte, Filmplakte und Bilder aus Filmen, konnten sie ihr Wissen unter Beweis stellen. Anschlie\u00dfend ging es um Schnelligkeit bei der Verkleidungsstaffel und der gemeinsamen Reise nach Hollywood. Beim Gel\u00e4ndespiel rund ums Rathaus wurden Drehb\u00fccher, Kulissen und Schauspieler gekauft, um Filme in Produktion zu bringen. Die Filmstudios k\u00e4mpften und handelten um die beste Werbung und den angesehensten Film. &nbsp;Abschlie\u00dfend wurde die eigene schauspielerische Leistung gefragt. In kleinen Rollenspielen, die durch vorgegebene W\u00f6rter erschwert wurden, zeigten die kleinen Filmstars ihr K\u00f6nnen. Bei der Oscarverleihung wurden die sehr guten Schauspieler geehrt und jeder mit einem eigenen Oscar belohnt. Es war ein toller Nachmittag, mit viel Spa\u00df, Action und Freude.<\/p>\n\n\n\n<figure class=\"wp-block-image size-large\"><img decoding=\"async\" loading=\"lazy\" width=\"1024\" height=\"768\" src=\"https:\/\/cvjm-bornich.de\/wp-content\/uploads\/2020\/10\/Abgedreht-1-1024x768.jpeg\" alt=\"\" class=\"wp-image-94\" srcset=\"https:\/\/cvjm-bornich.de\/wp-content\/uploads\/2020\/10\/Abgedreht-1-1024x768.jpeg 1024w, https:\/\/cvjm-bornich.de\/wp-content\/uploads\/2020\/10\/Abgedreht-1-300x225.jpeg 300w, https:\/\/cvjm-bornich.de\/wp-content\/uploads\/2020\/10\/Abgedreht-1-768x576.jpeg 768w, https:\/\/cvjm-bornich.de\/wp-content\/uploads\/2020\/10\/Abgedreht-1-1536x1152.jpeg 1536w, https:\/\/cvjm-bornich.de\/wp-content\/uploads\/2020\/10\/Abgedreht-1.jpeg 1600w\" sizes=\"(max-width: 1024px) 100vw, 1024px\" \/><figcaption>Die kleinen Stars haben alle einen Oskar gewonnen!<\/figcaption><\/figure>\n\n\n\n<p><\/p>\n","protected":false},"excerpt":{"rendered":"<p>Am Samstag, den 11.01.2020 trafen sich 20 angehende Filmstars, um gemeinsam die Filmwelt zu erkunden. In der Andacht drehte sich alles um einen Film von unserem Leben, bei dem jeder aus dem Kino rennt und niemand mit uns den Film von unserem Leben sehen m\u00f6chte, au\u00dfer einem &#8211; unserem Freund Jesus. Die Teilnehmenden mussten sich &#8230; <a title=\"Abgedreht\" class=\"read-more\" href=\"https:\/\/cvjm-bornich.de\/?page_id=93\" aria-label=\"Mehr dazu unter Abgedreht\">Weiterlesen<\/a><\/p>\n","protected":false},"author":1,"featured_media":0,"parent":31,"menu_order":0,"comment_status":"closed","ping_status":"closed","template":"","meta":[],"_links":{"self":[{"href":"https:\/\/cvjm-bornich.de\/index.php?rest_route=\/wp\/v2\/pages\/93"}],"collection":[{"href":"https:\/\/cvjm-bornich.de\/index.php?rest_route=\/wp\/v2\/pages"}],"about":[{"href":"https:\/\/cvjm-bornich.de\/index.php?rest_route=\/wp\/v2\/types\/page"}],"author":[{"embeddable":true,"href":"https:\/\/cvjm-bornich.de\/index.php?rest_route=\/wp\/v2\/users\/1"}],"replies":[{"embeddable":true,"href":"https:\/\/cvjm-bornich.de\/index.php?rest_route=%2Fwp%2Fv2%2Fcomments&post=93"}],"version-history":[{"count":1,"href":"https:\/\/cvjm-bornich.de\/index.php?rest_route=\/wp\/v2\/pages\/93\/revisions"}],"predecessor-version":[{"id":95,"href":"https:\/\/cvjm-bornich.de\/index.php?rest_route=\/wp\/v2\/pages\/93\/revisions\/95"}],"up":[{"embeddable":true,"href":"https:\/\/cvjm-bornich.de\/index.php?rest_route=\/wp\/v2\/pages\/31"}],"wp:attachment":[{"href":"https:\/\/cvjm-bornich.de\/index.php?rest_route=%2Fwp%2Fv2%2Fmedia&parent=93"}],"curies":[{"name":"wp","href":"https:\/\/api.w.org\/{rel}","templated":true}]}}