{"id":50,"date":"2020-10-12T16:49:19","date_gmt":"2020-10-12T16:49:19","guid":{"rendered":"https:\/\/cvjm-bornich.de\/?page_id=50"},"modified":"2025-04-17T11:42:38","modified_gmt":"2025-04-17T11:42:38","slug":"geschichtentelefon-2","status":"publish","type":"page","link":"https:\/\/cvjm-bornich.de\/?page_id=50","title":{"rendered":"Geschichtentelefon"},"content":{"rendered":"\n<p>In den Wintermonaten gibt es in der Jungscharstunde jede Woche einen neuen Teil einer spannenden Fortsetzungsgeschichte. Hast du also mal ein Teil verpasst, kannst du dir die Geschichte ein paar Tage sp\u00e4ter \u00fcber das Jungschar-Geschichtentelefon anh\u00f6ren.<\/p>\n\n\n\n<p>Aktuelle Geschichte: &#8222;Harry Hey haut ab&#8220; von Kurt Miethke<\/p>\n\n\n<div class=\"wp-block-image\">\n<figure class=\"aligncenter size-large is-resized\"><img decoding=\"async\" loading=\"lazy\" src=\"https:\/\/cvjm-bornich.de\/wp-content\/uploads\/2025\/04\/Geschichtentelefon-1024x1008.png\" alt=\"\" class=\"wp-image-403\" width=\"381\" height=\"375\" srcset=\"https:\/\/cvjm-bornich.de\/wp-content\/uploads\/2025\/04\/Geschichtentelefon-1024x1008.png 1024w, https:\/\/cvjm-bornich.de\/wp-content\/uploads\/2025\/04\/Geschichtentelefon-300x295.png 300w, https:\/\/cvjm-bornich.de\/wp-content\/uploads\/2025\/04\/Geschichtentelefon-768x756.png 768w, https:\/\/cvjm-bornich.de\/wp-content\/uploads\/2025\/04\/Geschichtentelefon-1536x1511.png 1536w, https:\/\/cvjm-bornich.de\/wp-content\/uploads\/2025\/04\/Geschichtentelefon-2048x2015.png 2048w\" sizes=\"(max-width: 381px) 100vw, 381px\" \/><\/figure><\/div>\n\n\n<p><\/p>\n\n\n\n<figure class=\"wp-block-audio\"><audio controls src=\"https:\/\/cvjm-bornich.de\/wp-content\/uploads\/2020\/10\/2019_11_25-Harry-Hey-01.mp3\"><\/audio><figcaption class=\"wp-element-caption\">Harry Hey haut ab &#8211; Teil 1<\/figcaption><\/figure>\n\n\n\n<p><\/p>\n\n\n\n<figure class=\"wp-block-audio\"><audio controls src=\"https:\/\/cvjm-bornich.de\/wp-content\/uploads\/2020\/10\/2019_12_09-Harry-Hey-02.mp3\"><\/audio><figcaption class=\"wp-element-caption\">Harry Hey haut ab &#8211; Teil 2<\/figcaption><\/figure>\n\n\n\n<p><\/p>\n\n\n\n<figure class=\"wp-block-audio\"><audio controls src=\"https:\/\/cvjm-bornich.de\/wp-content\/uploads\/2020\/10\/2019_12_09-Harry-Hey-03.mp3\"><\/audio><figcaption class=\"wp-element-caption\">Harry Hey haut ab &#8211; Teil 3<\/figcaption><\/figure>\n\n\n\n<p><\/p>\n\n\n\n<figure class=\"wp-block-audio\"><audio controls src=\"https:\/\/cvjm-bornich.de\/wp-content\/uploads\/2020\/10\/2019_12_09-Harry-Hey-04.mp3\"><\/audio><figcaption class=\"wp-element-caption\">Harry Hey haut ab &#8211; Teil 4<\/figcaption><\/figure>\n\n\n\n<p><\/p>\n\n\n\n<figure class=\"wp-block-audio\"><audio controls src=\"https:\/\/cvjm-bornich.de\/wp-content\/uploads\/2020\/10\/2019_12_09-Harry-Hey-05.mp3\"><\/audio><figcaption class=\"wp-element-caption\">Harry Hey haut ab &#8211; Teil 5<\/figcaption><\/figure>\n\n\n\n<p><\/p>\n\n\n\n<figure class=\"wp-block-audio\"><audio controls src=\"https:\/\/cvjm-bornich.de\/wp-content\/uploads\/2020\/10\/2019_12_09-Harry-Hey-06.mp3\"><\/audio><figcaption class=\"wp-element-caption\">Harry Hey haut ab &#8211; Teil 6<\/figcaption><\/figure>\n\n\n\n<p><\/p>\n\n\n\n<figure class=\"wp-block-audio\"><audio controls src=\"https:\/\/cvjm-bornich.de\/wp-content\/uploads\/2020\/10\/2019_12_09-Harry-Hey-07.mp3\"><\/audio><figcaption class=\"wp-element-caption\">Harry Hey haut ab &#8211; Teil 7<\/figcaption><\/figure>\n\n\n\n<p><\/p>\n\n\n\n<figure class=\"wp-block-audio\"><audio controls src=\"https:\/\/cvjm-bornich.de\/wp-content\/uploads\/2020\/10\/2019_12_09-Harry-Hey-08.mp3\"><\/audio><figcaption class=\"wp-element-caption\">Harry Hey haut ab &#8211; Teil 8<\/figcaption><\/figure>\n\n\n\n<p><strong><em>INFO:<\/em><\/strong>  Aufgrund der damals aufkommenden Corona-Krise konnten leider keine weiteren Teile aufgenommen werden. Wer gerne wissen m\u00f6chte, wie die Geschichte im letzten Drittel ausgeht, kann mich gerne anschreiben!<\/p>\n","protected":false},"excerpt":{"rendered":"<p>In den Wintermonaten gibt es in der Jungscharstunde jede Woche einen neuen Teil einer spannenden Fortsetzungsgeschichte. Hast du also mal ein Teil verpasst, kannst du dir die Geschichte ein paar Tage sp\u00e4ter \u00fcber das Jungschar-Geschichtentelefon anh\u00f6ren. Aktuelle Geschichte: &#8222;Harry Hey haut ab&#8220; von Kurt Miethke INFO: Aufgrund der damals aufkommenden Corona-Krise konnten leider keine weiteren &#8230; <a title=\"Geschichtentelefon\" class=\"read-more\" href=\"https:\/\/cvjm-bornich.de\/?page_id=50\" aria-label=\"Mehr dazu unter Geschichtentelefon\">Weiterlesen<\/a><\/p>\n","protected":false},"author":1,"featured_media":0,"parent":38,"menu_order":0,"comment_status":"closed","ping_status":"closed","template":"","meta":[],"_links":{"self":[{"href":"https:\/\/cvjm-bornich.de\/index.php?rest_route=\/wp\/v2\/pages\/50"}],"collection":[{"href":"https:\/\/cvjm-bornich.de\/index.php?rest_route=\/wp\/v2\/pages"}],"about":[{"href":"https:\/\/cvjm-bornich.de\/index.php?rest_route=\/wp\/v2\/types\/page"}],"author":[{"embeddable":true,"href":"https:\/\/cvjm-bornich.de\/index.php?rest_route=\/wp\/v2\/users\/1"}],"replies":[{"embeddable":true,"href":"https:\/\/cvjm-bornich.de\/index.php?rest_route=%2Fwp%2Fv2%2Fcomments&post=50"}],"version-history":[{"count":4,"href":"https:\/\/cvjm-bornich.de\/index.php?rest_route=\/wp\/v2\/pages\/50\/revisions"}],"predecessor-version":[{"id":407,"href":"https:\/\/cvjm-bornich.de\/index.php?rest_route=\/wp\/v2\/pages\/50\/revisions\/407"}],"up":[{"embeddable":true,"href":"https:\/\/cvjm-bornich.de\/index.php?rest_route=\/wp\/v2\/pages\/38"}],"wp:attachment":[{"href":"https:\/\/cvjm-bornich.de\/index.php?rest_route=%2Fwp%2Fv2%2Fmedia&parent=50"}],"curies":[{"name":"wp","href":"https:\/\/api.w.org\/{rel}","templated":true}]}}