{"id":38,"date":"2020-10-12T16:28:28","date_gmt":"2020-10-12T16:28:28","guid":{"rendered":"https:\/\/cvjm-bornich.de\/?page_id=38"},"modified":"2026-01-22T10:27:06","modified_gmt":"2026-01-22T10:27:06","slug":"jungschar","status":"publish","type":"page","link":"https:\/\/cvjm-bornich.de\/?page_id=38","title":{"rendered":"Jungschar"},"content":{"rendered":"\n<h3>Herzliche Einladung<\/h3>\n\n\n\n<p class=\"has-text-align-center\" style=\"font-size:30px\"><strong><mark style=\"background-color:rgba(0, 0, 0, 0)\" class=\"has-inline-color has-vivid-cyan-blue-color\">Alle 14 Tage montags von 16:00 &#8211; 18:00 Uhr<\/mark><\/strong> <strong>(au\u00dferhalb der Ferien)<\/strong><\/p>\n\n\n\n<p class=\"has-text-align-center\" style=\"font-size:24px\"><strong><mark style=\"background-color:rgba(0, 0, 0, 0)\" class=\"has-inline-color has-vivid-red-color\">Im Rathaus in Bornich<\/mark><\/strong><\/p>\n\n\n\n<hr class=\"wp-block-separator has-alpha-channel-opacity\"\/>\n\n\n\n<h3>Was ist Jungschar?<\/h3>\n\n\n\n<p>Eingeladen sind alle M\u00e4dchen und Jungen zwischen 7 und 13 Jahren zum 14-t\u00e4gigen, zweist\u00fcndigen Programm im Bornicher Rathaus. Denn hier lassen wir es nun montags von 16:00-18:00 Uhr so richtig krachen mit&#8230;<\/p>\n\n\n\n<p><strong>&#8230;Musik:<\/strong> Fetzige Jungscharlieder sind ein Muss f\u00fcr jede Jungscharstunde. Mit Gitarre und Cajon kann man auch von drau\u00dfen h\u00f6ren, dass wir Bibelentdecker sind und K\u00e4ngurus jagen&#8230;<\/p>\n\n\n\n<p><strong>&#8230;Spiele: <\/strong>Ob spannende Wettk\u00e4mpfe, witzige Mini-Spiele oder herausfordende Missionen im Dorf oder im Wald. Das vielseitige Spieleprogramm l\u00e4sst garantiert keine Langeweile aufkommen und sorgt f\u00fcr eine Menge Unterhaltung.<\/p>\n\n\n\n<p><strong>&#8230;Bibel: <\/strong>In den Andachten erfahren wir wesentliche Dinge, die f\u00fcr unser Leben wichtig sind. Das dicke Bibel-Buch wird nun begreifbar und erfahrbar und es zeigt uns, wie wir unseren Alltag mit all seinen Situationen und Entscheidungen sinnvoll bew\u00e4ltigen k\u00f6nnen.<\/p>\n\n\n\n<p><strong>&#8230;Sport: <\/strong>Ob V\u00f6lkerball, Indiaca, Baseball, Hockey oder Jugger. Bewegung und &#8222;Auspowern&#8220; d\u00fcrfen bei einem anst\u00e4ndigen Jungscharprogramm nicht fehlen. Und wenn das Wetter es zul\u00e4sst wollen wir den Dorfbewohnern zeigen was alles in uns steckt!<\/p>\n\n\n\n<p><strong>&#8230;Action: <\/strong>Sei es bei den Spielen oder in der spannenden Fortsetzungsgeschichte. Action darf dabei keinesfalls fehlen. Und wenn es an der Zeit ist, dann darf auch mal locker gechillt und entspannt werden.<\/p>\n\n\n\n<p><strong>&#8230;Aktionen: <\/strong>Ob Erkundungstouren in und um Bornich, \u00dcbernachtungen am Wochenende oder Ausfl\u00fcge zum Schwimmbad. Gemeinsame Aktionen sorgen immer wieder f\u00fcr gute Laune und eine tolle Gemeinschaft.<\/p>\n\n\n\n<p><strong>&#8230;Freizeiten:<\/strong> In den Ferien geht es auf gro\u00dfe Fahrt. Egal ob Hausfreizeit in der Lindenm\u00fchle oder mit dem Zelt unter freiem Himmel. Die Highlights eines jeden Jungscharlers waren, sind und bleiben die einzigartigen Freizeiten!<\/p>\n\n\n\n<p><strong>&#8230;Abenteuer:<\/strong> Und wem das noch nicht reicht oder noch etwas zu jung ist f\u00fcr die Jungschar, finden regelm\u00e4\u00dfige Entdeckertage statt. Das ca. vierst\u00fcndige Erlebnisprogramm findet ca. alle 2 Monate an einem Samstag statt und sorgt f\u00fcr unvergessliche Momente. Weitere Infos zum Entdeckertag findet ihr auf dieser Webseite.<\/p>\n\n\n\n<hr class=\"wp-block-separator has-alpha-channel-opacity\"\/>\n\n\n\n<h3>Jungschar Geschichtentelefon<\/h3>\n\n\n\n<div class=\"is-layout-flex wp-container-3 wp-block-columns\">\n<div class=\"is-layout-flow wp-block-column is-vertically-aligned-center\" style=\"flex-basis:46.8%\">\n<figure class=\"wp-block-image size-large\"><img decoding=\"async\" loading=\"lazy\" width=\"1024\" height=\"1008\" src=\"https:\/\/cvjm-bornich.de\/wp-content\/uploads\/2025\/04\/Geschichtentelefon-1024x1008.png\" alt=\"\" class=\"wp-image-403\" srcset=\"https:\/\/cvjm-bornich.de\/wp-content\/uploads\/2025\/04\/Geschichtentelefon-1024x1008.png 1024w, https:\/\/cvjm-bornich.de\/wp-content\/uploads\/2025\/04\/Geschichtentelefon-300x295.png 300w, https:\/\/cvjm-bornich.de\/wp-content\/uploads\/2025\/04\/Geschichtentelefon-768x756.png 768w, https:\/\/cvjm-bornich.de\/wp-content\/uploads\/2025\/04\/Geschichtentelefon-1536x1511.png 1536w, https:\/\/cvjm-bornich.de\/wp-content\/uploads\/2025\/04\/Geschichtentelefon-2048x2015.png 2048w\" sizes=\"(max-width: 1024px) 100vw, 1024px\" \/><\/figure>\n<\/div>\n\n\n\n<div class=\"is-layout-flow wp-block-column is-vertically-aligned-center\" style=\"flex-basis:100%\">\n<p>Unsere kleines <strong>Oster-H\u00f6rspiel <\/strong>mit Agent Schlitzohr auf der Suche nach den Grabr\u00e4ubern kann man sich \u00fcber unser Jungschar-<a href=\"https:\/\/cvjm-bornich.de\/?page_id=50\"><strong>Geschichtentelefon<\/strong><\/a> jederzeit von zu Hause erneut anh\u00f6ren.<\/p>\n<\/div>\n<\/div>\n\n\n\n<p><\/p>\n\n\n\n<p><\/p>\n\n\n\n<hr class=\"wp-block-separator has-css-opacity\"\/>\n\n\n\n<p><\/p>\n\n\n\n<p>Leiter: Christian Becker (christian.becker@cvjm-rhein-lahn.de)<br>Mitarbeiter: Regina Br\u00fcckner<\/p>\n","protected":false},"excerpt":{"rendered":"<p>Herzliche Einladung Alle 14 Tage montags von 16:00 &#8211; 18:00 Uhr (au\u00dferhalb der Ferien) Im Rathaus in Bornich Was ist Jungschar? Eingeladen sind alle M\u00e4dchen und Jungen zwischen 7 und 13 Jahren zum 14-t\u00e4gigen, zweist\u00fcndigen Programm im Bornicher Rathaus. Denn hier lassen wir es nun montags von 16:00-18:00 Uhr so richtig krachen mit&#8230; &#8230;Musik: Fetzige &#8230; <a title=\"Jungschar\" class=\"read-more\" href=\"https:\/\/cvjm-bornich.de\/?page_id=38\" aria-label=\"Mehr dazu unter Jungschar\">Weiterlesen<\/a><\/p>\n","protected":false},"author":1,"featured_media":0,"parent":20,"menu_order":1,"comment_status":"closed","ping_status":"closed","template":"","meta":[],"_links":{"self":[{"href":"https:\/\/cvjm-bornich.de\/index.php?rest_route=\/wp\/v2\/pages\/38"}],"collection":[{"href":"https:\/\/cvjm-bornich.de\/index.php?rest_route=\/wp\/v2\/pages"}],"about":[{"href":"https:\/\/cvjm-bornich.de\/index.php?rest_route=\/wp\/v2\/types\/page"}],"author":[{"embeddable":true,"href":"https:\/\/cvjm-bornich.de\/index.php?rest_route=\/wp\/v2\/users\/1"}],"replies":[{"embeddable":true,"href":"https:\/\/cvjm-bornich.de\/index.php?rest_route=%2Fwp%2Fv2%2Fcomments&post=38"}],"version-history":[{"count":28,"href":"https:\/\/cvjm-bornich.de\/index.php?rest_route=\/wp\/v2\/pages\/38\/revisions"}],"predecessor-version":[{"id":421,"href":"https:\/\/cvjm-bornich.de\/index.php?rest_route=\/wp\/v2\/pages\/38\/revisions\/421"}],"up":[{"embeddable":true,"href":"https:\/\/cvjm-bornich.de\/index.php?rest_route=\/wp\/v2\/pages\/20"}],"wp:attachment":[{"href":"https:\/\/cvjm-bornich.de\/index.php?rest_route=%2Fwp%2Fv2%2Fmedia&parent=38"}],"curies":[{"name":"wp","href":"https:\/\/api.w.org\/{rel}","templated":true}]}}