{"id":31,"date":"2020-10-12T16:22:57","date_gmt":"2020-10-12T16:22:57","guid":{"rendered":"https:\/\/cvjm-bornich.de\/?page_id=31"},"modified":"2021-11-14T10:33:11","modified_gmt":"2021-11-14T10:33:11","slug":"entdeckertage","status":"publish","type":"page","link":"https:\/\/cvjm-bornich.de\/?page_id=31","title":{"rendered":"Entdeckertage"},"content":{"rendered":"\n<h2>Berichte<\/h2>\n\n\n\n<h3>Lichter, Sterne und Laternen<\/h3>\n\n\n\n<p>Eigentlich hatten wir f\u00fcr den 21. November 2020 endlich mal wieder einen Entdeckertag in bew\u00e4hrter Form geplant. Da wir diesen coronabedingt aber nicht so durchf\u00fchren konnten, den Kindern aber trotzdem einen abwechslungsreichen Nachmittag anbieten wollten, haben wir uns etwas ganz Besonderes einfallen lassen.<\/p>\n\n\n\n<p><strong>Eine Nacht-Schatzsuche unter dem Motto: Lichter, Sterne und Laternen<\/strong><\/p>\n\n\n\n<div class=\"is-layout-flex wp-container-3 wp-block-columns\">\n<div class=\"is-layout-flow wp-block-column\" style=\"flex-basis:66.66%\">\n<p>Anstatt uns als gro\u00dfe Gruppe im Rathaus zu treffen, konnte man entweder als Familie oder mit den besten Freunden als kleine Gruppe auf Schatzsuche gehen. \u00dcber eine Handy-App wurde man an verschiedene Orte im Dorf gef\u00fchrt. Hier fanden die Kinder bei einer kleinen Laterne Geschichten und Texte rund um St. Martin, Advent und Weihnachten sowie R\u00e4tsel und Aufgaben, die sie l\u00f6sen mussten.<\/p>\n\n\n\n<p>Am Ende leuchteten den Kindern in der Schatztruhe kleine fluoreszierende Sterne entgegen, die sie als Erinnerung an diesen besonderen Entdeckertag mit nach Hause nehmen konnten.<\/p>\n\n\n\n<p>Die Leuchtsterne als Hoffnungszeichen \u2013 Jesus das Licht, das in die Welt gekommen ist.<\/p>\n<\/div>\n\n\n\n<div class=\"is-layout-flow wp-block-column\" style=\"flex-basis:33.33%\">\n<figure class=\"wp-block-image size-large\"><img decoding=\"async\" loading=\"lazy\" width=\"1024\" height=\"608\" src=\"https:\/\/cvjm-bornich.de\/wp-content\/uploads\/2020\/11\/Lichter-Sterne-und-Laternen-1024x608.png\" alt=\"\" class=\"wp-image-177\" srcset=\"https:\/\/cvjm-bornich.de\/wp-content\/uploads\/2020\/11\/Lichter-Sterne-und-Laternen-1024x608.png 1024w, https:\/\/cvjm-bornich.de\/wp-content\/uploads\/2020\/11\/Lichter-Sterne-und-Laternen-300x178.png 300w, https:\/\/cvjm-bornich.de\/wp-content\/uploads\/2020\/11\/Lichter-Sterne-und-Laternen-768x456.png 768w, https:\/\/cvjm-bornich.de\/wp-content\/uploads\/2020\/11\/Lichter-Sterne-und-Laternen-1536x912.png 1536w, https:\/\/cvjm-bornich.de\/wp-content\/uploads\/2020\/11\/Lichter-Sterne-und-Laternen-2048x1216.png 2048w\" sizes=\"(max-width: 1024px) 100vw, 1024px\" \/><\/figure>\n<\/div>\n<\/div>\n\n\n\n<p><\/p>\n\n\n\n<div class=\"is-layout-flex wp-container-7 wp-block-columns\">\n<div class=\"is-layout-flow wp-block-column\" style=\"flex-basis:66.66%\">\n<h3>Abgedreht<\/h3>\n\n\n\n<p>Am Samstag, den 11.01.2020 trafen sich 20 angehende Filmstars, um gemeinsam die Filmwelt zu erkunden. In der Andacht drehte sich alles um einen Film von unserem Leben, bei dem jeder aus dem Kino rennt und niemand mit uns den Film von unserem Leben sehen m\u00f6chte, au\u00dfer einem &#8211; unserem Freund Jesus.<\/p>\n\n\n\n<div class=\"is-layout-flex wp-block-buttons\">\n<div class=\"wp-block-button\"><a class=\"wp-block-button__link has-background\" href=\"https:\/\/cvjm-bornich.de\/?page_id=93\" style=\"background-color:#540019\">Weiterlesen<\/a><\/div>\n<\/div>\n<\/div>\n\n\n\n<div class=\"is-layout-flow wp-block-column\" style=\"flex-basis:33.33%\">\n<figure class=\"wp-block-image size-large\"><img decoding=\"async\" loading=\"lazy\" width=\"1024\" height=\"768\" src=\"https:\/\/cvjm-bornich.de\/wp-content\/uploads\/2020\/10\/Abgedreht-1024x768.jpeg\" alt=\"\" class=\"wp-image-34\" srcset=\"https:\/\/cvjm-bornich.de\/wp-content\/uploads\/2020\/10\/Abgedreht-1024x768.jpeg 1024w, https:\/\/cvjm-bornich.de\/wp-content\/uploads\/2020\/10\/Abgedreht-300x225.jpeg 300w, https:\/\/cvjm-bornich.de\/wp-content\/uploads\/2020\/10\/Abgedreht-768x576.jpeg 768w, https:\/\/cvjm-bornich.de\/wp-content\/uploads\/2020\/10\/Abgedreht-1536x1152.jpeg 1536w, https:\/\/cvjm-bornich.de\/wp-content\/uploads\/2020\/10\/Abgedreht.jpeg 1600w\" sizes=\"(max-width: 1024px) 100vw, 1024px\" \/><\/figure>\n<\/div>\n<\/div>\n\n\n\n<div class=\"is-layout-flex wp-container-11 wp-block-columns\">\n<div class=\"is-layout-flow wp-block-column\" style=\"flex-basis:66.66%\">\n<h3>Ein Tag im Mittelalter<\/h3>\n\n\n\n<p>\u201eEin Tag im Mittelalter\u201c \u2013 unter diesem Motto fand am 21.09.2019 ein weiterer Entdeckertag des CVJM Bornich statt. Teilgenommen haben 29 Kinder im Alter von 6-12 Jahren.<\/p>\n\n\n\n<div class=\"is-layout-flex wp-block-buttons\">\n<div class=\"wp-block-button\"><a class=\"wp-block-button__link has-background\" href=\"https:\/\/cvjm-bornich.de\/?page_id=96\" style=\"background-color:#540019\">Weiterlesen<\/a><\/div>\n<\/div>\n<\/div>\n\n\n\n<div class=\"is-layout-flow wp-block-column\" style=\"flex-basis:33.33%\">\n<figure class=\"wp-block-image size-large\"><img decoding=\"async\" loading=\"lazy\" width=\"1024\" height=\"626\" src=\"https:\/\/cvjm-bornich.de\/wp-content\/uploads\/2020\/10\/DSC_6770-1024x626.jpg\" alt=\"\" class=\"wp-image-35\" srcset=\"https:\/\/cvjm-bornich.de\/wp-content\/uploads\/2020\/10\/DSC_6770-1024x626.jpg 1024w, https:\/\/cvjm-bornich.de\/wp-content\/uploads\/2020\/10\/DSC_6770-300x183.jpg 300w, https:\/\/cvjm-bornich.de\/wp-content\/uploads\/2020\/10\/DSC_6770-768x469.jpg 768w, https:\/\/cvjm-bornich.de\/wp-content\/uploads\/2020\/10\/DSC_6770-1536x938.jpg 1536w, https:\/\/cvjm-bornich.de\/wp-content\/uploads\/2020\/10\/DSC_6770.jpg 1578w\" sizes=\"(max-width: 1024px) 100vw, 1024px\" \/><\/figure>\n\n\n\n<p><\/p>\n<\/div>\n<\/div>\n\n\n\n<p><\/p>\n","protected":false},"excerpt":{"rendered":"<p>Berichte Lichter, Sterne und Laternen Eigentlich hatten wir f\u00fcr den 21. November 2020 endlich mal wieder einen Entdeckertag in bew\u00e4hrter Form geplant. Da wir diesen coronabedingt aber nicht so durchf\u00fchren konnten, den Kindern aber trotzdem einen abwechslungsreichen Nachmittag anbieten wollten, haben wir uns etwas ganz Besonderes einfallen lassen. Eine Nacht-Schatzsuche unter dem Motto: Lichter, Sterne &#8230; <a title=\"Entdeckertage\" class=\"read-more\" href=\"https:\/\/cvjm-bornich.de\/?page_id=31\" aria-label=\"Mehr dazu unter Entdeckertage\">Weiterlesen<\/a><\/p>\n","protected":false},"author":1,"featured_media":0,"parent":20,"menu_order":0,"comment_status":"closed","ping_status":"closed","template":"","meta":[],"_links":{"self":[{"href":"https:\/\/cvjm-bornich.de\/index.php?rest_route=\/wp\/v2\/pages\/31"}],"collection":[{"href":"https:\/\/cvjm-bornich.de\/index.php?rest_route=\/wp\/v2\/pages"}],"about":[{"href":"https:\/\/cvjm-bornich.de\/index.php?rest_route=\/wp\/v2\/types\/page"}],"author":[{"embeddable":true,"href":"https:\/\/cvjm-bornich.de\/index.php?rest_route=\/wp\/v2\/users\/1"}],"replies":[{"embeddable":true,"href":"https:\/\/cvjm-bornich.de\/index.php?rest_route=%2Fwp%2Fv2%2Fcomments&post=31"}],"version-history":[{"count":10,"href":"https:\/\/cvjm-bornich.de\/index.php?rest_route=\/wp\/v2\/pages\/31\/revisions"}],"predecessor-version":[{"id":260,"href":"https:\/\/cvjm-bornich.de\/index.php?rest_route=\/wp\/v2\/pages\/31\/revisions\/260"}],"up":[{"embeddable":true,"href":"https:\/\/cvjm-bornich.de\/index.php?rest_route=\/wp\/v2\/pages\/20"}],"wp:attachment":[{"href":"https:\/\/cvjm-bornich.de\/index.php?rest_route=%2Fwp%2Fv2%2Fmedia&parent=31"}],"curies":[{"name":"wp","href":"https:\/\/api.w.org\/{rel}","templated":true}]}}